{"id":98,"date":"2014-12-24T00:06:21","date_gmt":"2014-12-24T00:06:21","guid":{"rendered":"http:\/\/budowagitary.pl\/?page_id=98"},"modified":"2024-03-26T21:57:14","modified_gmt":"2024-03-26T20:57:14","slug":"czesci-i-akcesoria","status":"publish","type":"page","link":"https:\/\/budowagitary.pl\/?page_id=98","title":{"rendered":"Cz\u0119\u015bci i akcesoria\/parts and accessories"},"content":{"rendered":"<p style=\"text-align: left;\"><a title=\"Cz\u0119\u015bci i Akcesoria\" href=\"http:\/\/www.guitarproject.pl\" target=\"_blank\" rel=\"noopener noreferrer\"><img decoding=\"async\" loading=\"lazy\" class=\"wp-image-33 alignleft\" src=\"http:\/\/budowagitary.pl\/wp-content\/uploads\/2014\/12\/guitarproject-300x187.jpg\" alt=\"guitarproject\" width=\"153\" height=\"95\" srcset=\"https:\/\/budowagitary.pl\/wp-content\/uploads\/2014\/12\/guitarproject-300x187.jpg 300w, https:\/\/budowagitary.pl\/wp-content\/uploads\/2014\/12\/guitarproject.jpg 302w\" sizes=\"(max-width: 153px) 100vw, 153px\" \/><\/a>Zapraszamy do showroomu i sklepu w Warszawie przy ul. Kadet\u00f3w 20 lok. 14 (1 pi\u0119tro).<\/p>\n<p style=\"text-align: left;\">Na miejscu mo\u017cna obejrze\u0107 i kupi\u0107 wi\u0119kszo\u015b\u0107 pozycji z oferty, ogra\u0107 instrumenty zbudowane z doskona\u0142ego drewna, najlepszego hardware&#8217;u i pickup\u00f3w producent\u00f3w: GOTOH, SHEPTONE, KINMAN, TESLA.<\/p>\n<p style=\"text-align: center;\">W Galerii wybrany towar z <a href=\"http:\/\/www.guitarproject.pl\" target=\"_blank\" rel=\"noopener noreferrer\">Guitarproject.pl<\/a><\/p>\n<div id='gallery-1' class='gallery galleryid-98 gallery-columns-3 gallery-size-thumbnail'><figure class='gallery-item'>\n\t\t\t<div class='gallery-icon landscape'>\n\t\t\t\t<a href='https:\/\/budowagitary.pl\/wp-content\/uploads\/2015\/07\/vibrato_kahler.jpg' rel=\"lightbox[98]\"><img width=\"150\" height=\"150\" src=\"https:\/\/budowagitary.pl\/wp-content\/uploads\/2015\/07\/vibrato_kahler-150x150.jpg\" class=\"attachment-thumbnail size-thumbnail\" alt=\"\" decoding=\"async\" loading=\"lazy\" \/><\/a>\n\t\t\t<\/div><\/figure><figure class='gallery-item'>\n\t\t\t<div class='gallery-icon landscape'>\n\t\t\t\t<a href='https:\/\/budowagitary.pl\/wp-content\/uploads\/2015\/07\/zaczep.jpg' rel=\"lightbox[98]\"><img width=\"150\" height=\"150\" src=\"https:\/\/budowagitary.pl\/wp-content\/uploads\/2015\/07\/zaczep-150x150.jpg\" class=\"attachment-thumbnail size-thumbnail\" alt=\"\" decoding=\"async\" loading=\"lazy\" \/><\/a>\n\t\t\t<\/div><\/figure><figure class='gallery-item'>\n\t\t\t<div class='gallery-icon landscape'>\n\t\t\t\t<a href='https:\/\/budowagitary.pl\/wp-content\/uploads\/2015\/07\/seymour_duncan.jpg' rel=\"lightbox[98]\"><img width=\"150\" height=\"150\" src=\"https:\/\/budowagitary.pl\/wp-content\/uploads\/2015\/07\/seymour_duncan-150x150.jpg\" class=\"attachment-thumbnail size-thumbnail\" alt=\"\" decoding=\"async\" loading=\"lazy\" \/><\/a>\n\t\t\t<\/div><\/figure><figure class='gallery-item'>\n\t\t\t<div class='gallery-icon landscape'>\n\t\t\t\t<a href='https:\/\/budowagitary.pl\/wp-content\/uploads\/2015\/07\/klucze2.jpg' rel=\"lightbox[98]\"><img width=\"150\" height=\"150\" src=\"https:\/\/budowagitary.pl\/wp-content\/uploads\/2015\/07\/klucze2-150x150.jpg\" class=\"attachment-thumbnail size-thumbnail\" alt=\"\" decoding=\"async\" loading=\"lazy\" \/><\/a>\n\t\t\t<\/div><\/figure><figure class='gallery-item'>\n\t\t\t<div class='gallery-icon landscape'>\n\t\t\t\t<a href='https:\/\/budowagitary.pl\/wp-content\/uploads\/2015\/07\/korpus.jpg' rel=\"lightbox[98]\"><img width=\"150\" height=\"150\" src=\"https:\/\/budowagitary.pl\/wp-content\/uploads\/2015\/07\/korpus-150x150.jpg\" class=\"attachment-thumbnail size-thumbnail\" alt=\"\" decoding=\"async\" loading=\"lazy\" \/><\/a>\n\t\t\t<\/div><\/figure><figure class='gallery-item'>\n\t\t\t<div class='gallery-icon landscape'>\n\t\t\t\t<a href='https:\/\/budowagitary.pl\/wp-content\/uploads\/2015\/07\/klucze.jpg' rel=\"lightbox[98]\"><img width=\"150\" height=\"150\" src=\"https:\/\/budowagitary.pl\/wp-content\/uploads\/2015\/07\/klucze-150x150.jpg\" class=\"attachment-thumbnail size-thumbnail\" alt=\"\" decoding=\"async\" loading=\"lazy\" \/><\/a>\n\t\t\t<\/div><\/figure><figure class='gallery-item'>\n\t\t\t<div class='gallery-icon landscape'>\n\t\t\t\t<a href='https:\/\/budowagitary.pl\/wp-content\/uploads\/2015\/07\/klucze1.jpg' rel=\"lightbox[98]\"><img width=\"150\" height=\"150\" src=\"https:\/\/budowagitary.pl\/wp-content\/uploads\/2015\/07\/klucze1-150x150.jpg\" class=\"attachment-thumbnail size-thumbnail\" alt=\"\" decoding=\"async\" loading=\"lazy\" \/><\/a>\n\t\t\t<\/div><\/figure><figure class='gallery-item'>\n\t\t\t<div class='gallery-icon landscape'>\n\t\t\t\t<a href='https:\/\/budowagitary.pl\/wp-content\/uploads\/2015\/07\/humbucker_tesla.jpg' rel=\"lightbox[98]\"><img width=\"150\" height=\"150\" src=\"https:\/\/budowagitary.pl\/wp-content\/uploads\/2015\/07\/humbucker_tesla-150x150.jpg\" class=\"attachment-thumbnail size-thumbnail\" alt=\"\" decoding=\"async\" loading=\"lazy\" \/><\/a>\n\t\t\t<\/div><\/figure><figure class='gallery-item'>\n\t\t\t<div class='gallery-icon landscape'>\n\t\t\t\t<a href='https:\/\/budowagitary.pl\/wp-content\/uploads\/2015\/07\/humbucker_entwistle.jpg' rel=\"lightbox[98]\"><img width=\"150\" height=\"150\" src=\"https:\/\/budowagitary.pl\/wp-content\/uploads\/2015\/07\/humbucker_entwistle-150x150.jpg\" class=\"attachment-thumbnail size-thumbnail\" alt=\"\" decoding=\"async\" loading=\"lazy\" \/><\/a>\n\t\t\t<\/div><\/figure><figure class='gallery-item'>\n\t\t\t<div class='gallery-icon landscape'>\n\t\t\t\t<a href='https:\/\/budowagitary.pl\/wp-content\/uploads\/2015\/07\/gryf.jpg' rel=\"lightbox[98]\"><img width=\"150\" height=\"150\" src=\"https:\/\/budowagitary.pl\/wp-content\/uploads\/2015\/07\/gryf-150x150.jpg\" class=\"attachment-thumbnail size-thumbnail\" alt=\"\" decoding=\"async\" loading=\"lazy\" \/><\/a>\n\t\t\t<\/div><\/figure><figure class='gallery-item'>\n\t\t\t<div class='gallery-icon landscape'>\n\t\t\t\t<a href='https:\/\/budowagitary.pl\/wp-content\/uploads\/2015\/07\/graph_tech.jpg' rel=\"lightbox[98]\"><img width=\"150\" height=\"150\" src=\"https:\/\/budowagitary.pl\/wp-content\/uploads\/2015\/07\/graph_tech-150x150.jpg\" class=\"attachment-thumbnail size-thumbnail\" alt=\"\" decoding=\"async\" loading=\"lazy\" \/><\/a>\n\t\t\t<\/div><\/figure><figure class='gallery-item'>\n\t\t\t<div class='gallery-icon landscape'>\n\t\t\t\t<a href='https:\/\/budowagitary.pl\/wp-content\/uploads\/2015\/07\/floyd_rose.jpg' rel=\"lightbox[98]\"><img width=\"150\" height=\"150\" src=\"https:\/\/budowagitary.pl\/wp-content\/uploads\/2015\/07\/floyd_rose-150x150.jpg\" class=\"attachment-thumbnail size-thumbnail\" alt=\"\" decoding=\"async\" loading=\"lazy\" \/><\/a>\n\t\t\t<\/div><\/figure><figure class='gallery-item'>\n\t\t\t<div class='gallery-icon landscape'>\n\t\t\t\t<a href='https:\/\/budowagitary.pl\/wp-content\/uploads\/2015\/07\/blokada.jpg' rel=\"lightbox[98]\"><img width=\"150\" height=\"150\" src=\"https:\/\/budowagitary.pl\/wp-content\/uploads\/2015\/07\/blokada-150x150.jpg\" class=\"attachment-thumbnail size-thumbnail\" alt=\"\" decoding=\"async\" loading=\"lazy\" \/><\/a>\n\t\t\t<\/div><\/figure><figure class='gallery-item'>\n\t\t\t<div class='gallery-icon landscape'>\n\t\t\t\t<a href='https:\/\/budowagitary.pl\/wp-content\/uploads\/2015\/07\/bisby.jpg' rel=\"lightbox[98]\"><img width=\"150\" height=\"150\" src=\"https:\/\/budowagitary.pl\/wp-content\/uploads\/2015\/07\/bisby-150x150.jpg\" class=\"attachment-thumbnail size-thumbnail\" alt=\"\" decoding=\"async\" loading=\"lazy\" \/><\/a>\n\t\t\t<\/div><\/figure>\n\t\t<\/div>\n\n<div class=\"vj8ktuy mgz-element mgz-element-row full_width_row\">\n<div class=\"mgz-element-inner vj8ktuy-s\">\n<div class=\"inner-content mgz-container\">\n<div class=\"fkmc2ql mgz-element mgz-element-column mgz-col-xs-12\">\n<div class=\"mgz-element-inner fkmc2ql-s\">\n<div class=\"dgfgmqr mgz-element mgz-child mgz-element-heading\">\n<div class=\"mgz-element-inner dgfgmqr-s\">\n<h1 class=\"mgz-element-heading-text\" data-inline-fontsize=\"true\" data-fontsize=\"36\">Kabel jack jack &#8211; jaki kabel do gitary elektrycznej?<\/h1>\n<\/div>\n<\/div>\n<\/div>\n<\/div>\n<\/div>\n<\/div>\n<\/div>\n<div class=\"aoer0i4 mgz-element mgz-element-row full_width_row\">\n<div class=\"mgz-element-inner aoer0i4-s\">\n<div class=\"inner-content mgz-container\">\n<div class=\"hifb56u mgz-element mgz-element-column mgz-col-xs-12\">\n<div class=\"mgz-element-inner hifb56u-s\">\n<div class=\"ffsgfps mgz-element mgz-child mgz-element-text\">\n<div class=\"mgz-element-inner ffsgfps-s\">\n<p>Podczas rozpoczynania swojej muzycznej podr\u00f3\u017cy z gitar\u0105 elektryczn\u0105, mo\u017cemy spotka\u0107 wiele technicznych termin\u00f3w&#8230; <a title=\"KABLE\" href=\"https:\/\/ssq.com.pl\/\" target=\"_blank\" rel=\"noopener\">(wi\u0119cej)<\/a><\/p>\n<\/div>\n<\/div>\n<\/div>\n<\/div>\n<\/div>\n<\/div>\n<\/div>\n<p><img decoding=\"async\" loading=\"lazy\" class=\"aligncenter size-large wp-image-1539\" src=\"http:\/\/budowagitary.pl\/wp-content\/uploads\/2023\/10\/jack-jack-1024x536.jpg\" alt=\"\" width=\"1024\" height=\"536\" srcset=\"https:\/\/budowagitary.pl\/wp-content\/uploads\/2023\/10\/jack-jack-1024x536.jpg 1024w, https:\/\/budowagitary.pl\/wp-content\/uploads\/2023\/10\/jack-jack-400x209.jpg 400w, https:\/\/budowagitary.pl\/wp-content\/uploads\/2023\/10\/jack-jack-768x402.jpg 768w, https:\/\/budowagitary.pl\/wp-content\/uploads\/2023\/10\/jack-jack-1536x804.jpg 1536w, https:\/\/budowagitary.pl\/wp-content\/uploads\/2023\/10\/jack-jack.jpg 1920w\" sizes=\"(max-width: 1024px) 100vw, 1024px\" \/><\/p>\n<h5 style=\"text-align: center;\"><\/h5>\n<p><script>\/\/ <![CDATA[ (function(i,s,o,g,r,a,m){i['GoogleAnalyticsObject']=r;i[r]=i[r]||function(){ (i[r].q=i[r].q||[]).push(arguments)},i[r].l=1*new Date();a=s.createElement(o), m=s.getElementsByTagName(o)[0];a.async=1;a.src=g;m.parentNode.insertBefore(a,m) })(window,document,'script','\/\/www.google-analytics.com\/analytics.js','ga'); ga('create', 'UA-65102723-1', 'auto'); ga('send', 'pageview'); \/\/ ]]><\/script><\/p>\n","protected":false},"excerpt":{"rendered":"<div class=\"mh-excerpt\"><p>Zapraszamy do showroomu i sklepu w Warszawie przy ul. Kadet\u00f3w 20 lok. 14 (1 pi\u0119tro). Na miejscu mo\u017cna obejrze\u0107 i kupi\u0107 wi\u0119kszo\u015b\u0107 pozycji z oferty, <a class=\"mh-excerpt-more\" href=\"https:\/\/budowagitary.pl\/?page_id=98\" title=\"Cz\u0119\u015bci i akcesoria\/parts and accessories\">[&#8230;]<\/a><\/p>\n<\/div>","protected":false},"author":2,"featured_media":1120,"parent":0,"menu_order":0,"comment_status":"closed","ping_status":"open","template":"","meta":{"om_disable_all_campaigns":false,"_monsterinsights_skip_tracking":false,"_monsterinsights_sitenote_active":false,"_monsterinsights_sitenote_note":"","_monsterinsights_sitenote_category":0,"footnotes":""},"aioseo_notices":[],"_links":{"self":[{"href":"https:\/\/budowagitary.pl\/index.php?rest_route=\/wp\/v2\/pages\/98"}],"collection":[{"href":"https:\/\/budowagitary.pl\/index.php?rest_route=\/wp\/v2\/pages"}],"about":[{"href":"https:\/\/budowagitary.pl\/index.php?rest_route=\/wp\/v2\/types\/page"}],"author":[{"embeddable":true,"href":"https:\/\/budowagitary.pl\/index.php?rest_route=\/wp\/v2\/users\/2"}],"replies":[{"embeddable":true,"href":"https:\/\/budowagitary.pl\/index.php?rest_route=%2Fwp%2Fv2%2Fcomments&post=98"}],"version-history":[{"count":60,"href":"https:\/\/budowagitary.pl\/index.php?rest_route=\/wp\/v2\/pages\/98\/revisions"}],"predecessor-version":[{"id":1576,"href":"https:\/\/budowagitary.pl\/index.php?rest_route=\/wp\/v2\/pages\/98\/revisions\/1576"}],"wp:featuredmedia":[{"embeddable":true,"href":"https:\/\/budowagitary.pl\/index.php?rest_route=\/wp\/v2\/media\/1120"}],"wp:attachment":[{"href":"https:\/\/budowagitary.pl\/index.php?rest_route=%2Fwp%2Fv2%2Fmedia&parent=98"}],"curies":[{"name":"wp","href":"https:\/\/api.w.org\/{rel}","templated":true}]}}