{"id":82,"date":"2014-12-23T23:30:32","date_gmt":"2014-12-23T23:30:32","guid":{"rendered":"http:\/\/budowagitary.pl\/?page_id=82"},"modified":"2021-02-11T23:31:06","modified_gmt":"2021-02-11T22:31:06","slug":"budowa-gitary","status":"publish","type":"page","link":"https:\/\/budowagitary.pl\/","title":{"rendered":"Budowa gitary\/building guitars"},"content":{"rendered":"<div style=\"text-align: left;\"><\/div>\n<div style=\"text-align: left;\"><\/div>\n<div style=\"text-align: left;\"><\/div>\n<div style=\"text-align: left;\"><\/div>\n<div style=\"text-align: right;\"><\/div>\n<div style=\"text-align: center;\"><\/div>\n<div style=\"text-align: center;\"><\/div>\n<div style=\"text-align: left;\"><img decoding=\"async\" loading=\"lazy\" class=\"wp-image-925 alignleft\" src=\"http:\/\/budowagitary.pl\/wp-content\/uploads\/2016\/01\/jacek-andrzejewski1.jpg\" alt=\"\" width=\"54\" height=\"83\" srcset=\"https:\/\/budowagitary.pl\/wp-content\/uploads\/2016\/01\/jacek-andrzejewski1.jpg 260w, https:\/\/budowagitary.pl\/wp-content\/uploads\/2016\/01\/jacek-andrzejewski1-195x300.jpg 195w\" sizes=\"(max-width: 54px) 100vw, 54px\" \/>Portal budowany z my\u015bl\u0105 o wszystkich, poszukuj\u0105cych informacji na temat konstrukcji i budowy gitar. Postaramy si\u0119 uj\u0105\u0107 wszelkie aspekty zwi\u0105zane z tym zagadnieniem. Portal jest tworzony, aby nie traci\u0107 cennego czasu na przeszukiwanie netu, d\u0105\u017cymy, aby umie\u015bci\u0107 wszystkie wa\u017cne informacje w jednym miejscu. Czas sp\u0119dzony na wyszukiwanie informacji w sieci mo\u017cesz teraz po\u015bwi\u0119ci\u0107 na budow\u0119 swojego autorskiego instrumentu.<\/div>\n<p style=\"text-align: center;\"><img decoding=\"async\" loading=\"lazy\" class=\" size-full wp-image-462 aligncenter\" src=\"http:\/\/budowagitary.pl\/wp-content\/uploads\/2015\/01\/LP_widok_3D_materialy1.jpg\" alt=\"LP_widok_3D_materialy\" width=\"1200\" height=\"900\" srcset=\"https:\/\/budowagitary.pl\/wp-content\/uploads\/2015\/01\/LP_widok_3D_materialy1.jpg 1200w, https:\/\/budowagitary.pl\/wp-content\/uploads\/2015\/01\/LP_widok_3D_materialy1-400x300.jpg 400w, https:\/\/budowagitary.pl\/wp-content\/uploads\/2015\/01\/LP_widok_3D_materialy1-1024x768.jpg 1024w\" sizes=\"(max-width: 1200px) 100vw, 1200px\" \/><\/p>\n<p style=\"text-align: center;\"><img decoding=\"async\" loading=\"lazy\" class=\" size-large wp-image-463 aligncenter\" src=\"http:\/\/budowagitary.pl\/wp-content\/uploads\/2015\/01\/menzura_gibson1-1024x611.jpg\" alt=\"menzura_gibson\" width=\"604\" height=\"360\" srcset=\"https:\/\/budowagitary.pl\/wp-content\/uploads\/2015\/01\/menzura_gibson1-1024x611.jpg 1024w, https:\/\/budowagitary.pl\/wp-content\/uploads\/2015\/01\/menzura_gibson1-400x239.jpg 400w, https:\/\/budowagitary.pl\/wp-content\/uploads\/2015\/01\/menzura_gibson1.jpg 1200w\" sizes=\"(max-width: 604px) 100vw, 604px\" \/>\u00a0<img decoding=\"async\" loading=\"lazy\" class=\" size-full wp-image-902 aligncenter\" src=\"http:\/\/budowagitary.pl\/wp-content\/uploads\/2016\/01\/budowa_gitary_strat.jpg\" alt=\"budowa_gitary_strat\" width=\"1756\" height=\"1207\" srcset=\"https:\/\/budowagitary.pl\/wp-content\/uploads\/2016\/01\/budowa_gitary_strat.jpg 1756w, https:\/\/budowagitary.pl\/wp-content\/uploads\/2016\/01\/budowa_gitary_strat-400x275.jpg 400w, https:\/\/budowagitary.pl\/wp-content\/uploads\/2016\/01\/budowa_gitary_strat-1024x704.jpg 1024w\" sizes=\"(max-width: 1756px) 100vw, 1756px\" \/><\/p>\n<div style=\"text-align: center;\"><img decoding=\"async\" loading=\"lazy\" class=\" size-large wp-image-464 aligncenter\" src=\"http:\/\/budowagitary.pl\/wp-content\/uploads\/2015\/01\/menzura_strat1-1024x613.jpg\" alt=\"menzura_strat\" width=\"604\" height=\"362\" srcset=\"https:\/\/budowagitary.pl\/wp-content\/uploads\/2015\/01\/menzura_strat1-1024x613.jpg 1024w, https:\/\/budowagitary.pl\/wp-content\/uploads\/2015\/01\/menzura_strat1-400x239.jpg 400w, https:\/\/budowagitary.pl\/wp-content\/uploads\/2015\/01\/menzura_strat1.jpg 1200w\" sizes=\"(max-width: 604px) 100vw, 604px\" \/><\/div>\n","protected":false},"excerpt":{"rendered":"<div class=\"mh-excerpt\"><p>Portal budowany z my\u015bl\u0105 o wszystkich, poszukuj\u0105cych informacji na temat konstrukcji i budowy gitar. Postaramy si\u0119 uj\u0105\u0107 wszelkie aspekty zwi\u0105zane z tym zagadnieniem. Portal jest <a class=\"mh-excerpt-more\" href=\"https:\/\/budowagitary.pl\/\" title=\"Budowa gitary\/building guitars\">[&#8230;]<\/a><\/p>\n<\/div>","protected":false},"author":2,"featured_media":0,"parent":0,"menu_order":0,"comment_status":"closed","ping_status":"open","template":"","meta":{"om_disable_all_campaigns":false,"_monsterinsights_skip_tracking":false,"_monsterinsights_sitenote_active":false,"_monsterinsights_sitenote_note":"","_monsterinsights_sitenote_category":0,"footnotes":""},"aioseo_notices":[],"_links":{"self":[{"href":"https:\/\/budowagitary.pl\/index.php?rest_route=\/wp\/v2\/pages\/82"}],"collection":[{"href":"https:\/\/budowagitary.pl\/index.php?rest_route=\/wp\/v2\/pages"}],"about":[{"href":"https:\/\/budowagitary.pl\/index.php?rest_route=\/wp\/v2\/types\/page"}],"author":[{"embeddable":true,"href":"https:\/\/budowagitary.pl\/index.php?rest_route=\/wp\/v2\/users\/2"}],"replies":[{"embeddable":true,"href":"https:\/\/budowagitary.pl\/index.php?rest_route=%2Fwp%2Fv2%2Fcomments&post=82"}],"version-history":[{"count":61,"href":"https:\/\/budowagitary.pl\/index.php?rest_route=\/wp\/v2\/pages\/82\/revisions"}],"predecessor-version":[{"id":1436,"href":"https:\/\/budowagitary.pl\/index.php?rest_route=\/wp\/v2\/pages\/82\/revisions\/1436"}],"wp:attachment":[{"href":"https:\/\/budowagitary.pl\/index.php?rest_route=%2Fwp%2Fv2%2Fmedia&parent=82"}],"curies":[{"name":"wp","href":"https:\/\/api.w.org\/{rel}","templated":true}]}}