{"id":67,"date":"2014-12-23T22:36:30","date_gmt":"2014-12-23T22:36:30","guid":{"rendered":"http:\/\/budowagitary.pl\/?page_id=67"},"modified":"2015-07-19T17:33:58","modified_gmt":"2015-07-19T16:33:58","slug":"narzedzia","status":"publish","type":"page","link":"https:\/\/budowagitary.pl\/?page_id=67","title":{"rendered":"Narz\u0119dzia\/tools"},"content":{"rendered":"<div>W jakie narz\u0119dzia, przyrz\u0105dy i pomoce trzeba si\u0119 zaopatrzy\u0107, aby praca przy tworzeniu instrumentu by\u0142a \u0142atwa i przyjemna.<\/div>\n<div><\/div>\n<div><img decoding=\"async\" loading=\"lazy\" class=\"  wp-image-19 alignleft\" src=\"http:\/\/budowagitary.pl\/wp-content\/uploads\/2014\/12\/przyrzady_pomiarowe.jpg\" alt=\"przyrzady_pomiarowe\" width=\"238\" height=\"178\" \/><\/p>\n<div><span style=\"color: #000000;\">Wa\u017cnym elementem wyposa\u017cenia naszego warsztatu s\u0105 oczywi\u015bcie <span style=\"color: #008000;\"><strong>przyrz\u0105dy pomiarowe<\/strong><\/span>.<\/span><\/div>\n<div><span style=\"color: #000000;\">Nie mo\u017ce zabrakn\u0105\u0107 suwmiarki, miarki, k\u0105townika czy przymiaru wykonanego na stalowej ta\u015bmie &#8211; przyda sie do dok\u0142adnego ustawienia menzury w instrumencie. <span style=\"color: #008000;\"><strong>Przymiar<\/strong><\/span> taki mo\u017cna kupi\u0107 w sklepie z artyku\u0142ami metalowymi i narz\u0119dziami ( w markecie raczej nie b\u0119dzie ). <\/span><\/div>\n<div><span style=\"color: #000000;\">Sklep w Warszawie: ul Mi\u0144ska 24 na Pradze Po\u0142udnie.<\/span><\/div>\n<div><\/div>\n<div><span style=\"color: #000000;\">Powinni\u015bmy si\u0119 r\u00f3wnie\u017c zaopatrzy\u0107 w o\u0142\u00f3wki, rysik i punktak, o m\u0142otku nie wspominaj\u0105c.<\/span><\/div>\n<div><span style=\"color: #000000;\">Pilniki do drewna i metalu r\u00f3wnie\u017c\u00a0si\u0119 przydadz\u0105.<\/span><\/div>\n<div><\/div>\n<div><img decoding=\"async\" loading=\"lazy\" class=\" size-full wp-image-20 alignright\" src=\"http:\/\/budowagitary.pl\/wp-content\/uploads\/2014\/12\/sciski.jpg\" alt=\"sciski\" width=\"250\" height=\"187\" \/>Nie mo\u017cemy zapomnie\u0107 o wszelkiej ma\u015bci \u015bciskach. Bez nich, sklejaj\u0105c elementy instrumentu nie b\u0119dziemy mogli ich odpowiednio \u015bcisn\u0105\u0107 i pozostawi\u0107 do wyschni\u0119cia wi\u0105zania.<\/div>\n<div><\/div>\n<div><\/div>\n<div><img decoding=\"async\" loading=\"lazy\" class=\" size-full wp-image-24 alignleft\" src=\"http:\/\/budowagitary.pl\/wp-content\/uploads\/2014\/12\/wyzynarka.jpg\" alt=\"wyrzynarka\" width=\"250\" height=\"187\" \/><\/p>\n<div><\/div>\n<div><\/div>\n<div><\/div>\n<div>Do pracy trzeba si\u0119\u00a0przygotowa\u0107 &#8222;sprz\u0119towo&#8221;. Je\u017celi nie dysponujemy odpowiednimi narz\u0119dziami i urz\u0105dzeniami, trzeba b\u0119dzie je kupi\u0107 lub po\u017cyczy\u0107 od szcz\u0119\u015bliwego posiadacza.<\/div>\n<div>Mo\u017cna oczywi\u015bcie u\u017cy\u0107 r\u0119cznych narz\u0119dzi, ale np. <strong><span style=\"color: #008000;\">wyrzynarka<\/span><\/strong> mechaniczna u\u0142atwi nam prac\u0119 i dzi\u0119ki niej otrzymamy wi\u0119ksz\u0105 dok\u0142adno\u015b\u0107 wykonania obrabianych element\u00f3w. Wyrzynarki u\u017cyjemy do wyci\u0119cia body, g\u0142owki gryfu, czy nak\u0142adki na g\u0142\u00f3wk\u0119, zale\u017cnie od wykonywanego modelu instrumentu.<\/div>\n<div><\/div>\n<div><\/div>\n<div><img decoding=\"async\" loading=\"lazy\" class=\" size-full wp-image-8 alignright\" src=\"http:\/\/budowagitary.pl\/wp-content\/uploads\/2014\/12\/frezarka.jpg\" alt=\"frezarka\" width=\"250\" height=\"187\" \/><\/p>\n<div><span style=\"color: #008000;\"><strong>Frezarka<\/strong><\/span> b\u0119dzie niezb\u0119dna do wykonania gniazd pod elektryk\u0119, frezowania\u00a0kana\u0142ka<\/div>\n<div>na pr\u0119t w gryfie.<\/div>\n<div>Przy zastosowaniu szablonu i frez\u00f3w z \u0142o\u017cyskiem kopiuj\u0105cym mo\u017cemy w \u0142atwy<\/div>\n<div>spos\u00f3b obrobi\u0107 zarys body gitary.<\/div>\n<div><\/div>\n<div><\/div>\n<div><\/div>\n<div><img decoding=\"async\" loading=\"lazy\" class=\" size-full wp-image-10 alignleft\" src=\"http:\/\/budowagitary.pl\/wp-content\/uploads\/2014\/12\/frezy.jpg\" alt=\"frezy\" width=\"250\" height=\"187\" \/><span style=\"color: #008000;\"><strong>Frezy<\/strong><\/span>, mi\u0119dzy innymi z \u0142o\u017cyskiem przy trzonku i na ko\u0144cu ostrza, to podstawowe, niezb\u0119dne wyposa\u017cenie frezarki. Wiert\u0142a walcowe r\u00f3wnie\u017c si\u0119 przydadz\u0105.<\/div>\n<div><\/div>\n<div><\/div>\n<div><img decoding=\"async\" loading=\"lazy\" class=\" size-full wp-image-22 alignright\" src=\"http:\/\/budowagitary.pl\/wp-content\/uploads\/2014\/12\/walki_scierne.jpg\" alt=\"walki_scierne\" width=\"250\" height=\"187\" \/><\/p>\n<div><\/div>\n<div><\/div>\n<div><\/div>\n<div>Przy wyprowadzaniu zarysu naszej gitary, pomocnymi narz\u0119dziami b\u0119d\u0105 rozpr\u0119\u017cne wa\u0142ki z p\u0142\u00f3tnem \u015bciernym. Przeszukuj\u0105c niemal ca\u0142y net, okaza\u0142o si\u0119, \u017ce s\u0105 nigdzie niedost\u0119pne. Przypadek sprawi\u0142, \u017ce znalaz\u0142em komplet\u00a0w sieci sklep\u00f3w Jula, s\u0105 tam nadal dost\u0119pne.<img decoding=\"async\" loading=\"lazy\" class=\" size-full wp-image-23 alignleft\" src=\"http:\/\/budowagitary.pl\/wp-content\/uploads\/2014\/12\/wiertarka.jpg\" alt=\"wiertarka\" width=\"250\" height=\"187\" \/><\/div>\n<div>Proste w u\u017cyciu, potrzebna jest tylko wiertarka,<\/div>\n<div>a dla utrzymania wa\u0142ka w pionie przyda si\u0119<\/div>\n<div>dodatkowo stojak do wiertarki, u\u0142atwi to obr\u00f3bk\u0119<\/div>\n<div>materia\u0142u. Pod obrabiane body trzeba oczywi\u015bcie pod\u0142o\u017cy\u0107 p\u0142yt\u0119 z otworem<\/div>\n<div>na wa\u0142ek \u015bcierny i opu\u015bci\u0107 wiertark\u0119<\/div>\n<div>w taki spos\u00f3b aby wa\u0142ek schowa\u0142 si\u0119 ok. 2-3 mm w otw\u00f3r, dzi\u0119ki temu ca\u0142\u0105 powierzchni\u0105 wa\u0142ka obrobimy zarys body gitary.<\/div>\n<div><\/div>\n<div><\/div>\n<div><img decoding=\"async\" loading=\"lazy\" class=\"  wp-image-18 alignright\" src=\"http:\/\/budowagitary.pl\/wp-content\/uploads\/2014\/12\/papier_scierny.jpg\" alt=\"papier_scierny\" width=\"213\" height=\"159\" \/><\/div>\n<div>\n<div>Papier i p\u0142\u00f3tno \u015bcierne &#8211; bez tego nie wykonamy idealnie g\u0142adkiej powierzchni. Powinni\u015bmy mie\u0107 w zapasie grubo\u015bci 60, 100, 250, 500, 1200, 2000 i 5000.<\/div>\n<div>Gradacja 5000 jest mniej szorstka od kartonu z brystolu, ale po wypolerowaniu drewna mamy wra\u017cenie, \u017ce jest ju\u017c lakierowane.<\/div>\n<div>Przy pomocy kostki czy wa\u0142ka z drewna sosnowego ob\u0142o\u017conych p\u0142\u00f3tnem \u015bciernym wyprowadzimy niezb\u0119dne promienie zarysy i\u00a0powierzchnie.<\/div>\n<div>Mo\u017cemy si\u0119 r\u00f3wnie\u017c zaopatrzy\u0107 w g\u0105bki \u015bcierne dost\u0119pne na rynku, czy wat\u0119 \u015bciern\u0105 lub podobne materia\u0142y.<\/div>\n<div><\/div>\n<div><img decoding=\"async\" loading=\"lazy\" class=\" size-full wp-image-17 alignleft\" src=\"http:\/\/budowagitary.pl\/wp-content\/uploads\/2014\/12\/papier_do_szlifierki_rotacyjnej.jpg\" alt=\"papier_do_szlifierki_rotacyjnej\" width=\"250\" height=\"187\" \/>Przy obrabianiu powierzchni, wyprowadzaniu profilowania body, przyda si\u0119 szlifierka oscylacyjna z odpowiednimi papierami. Szlifierk\u0119 tego typu kupimy ju\u017c za 96 z\u0142 np. w Leroy Merlin lub Castoramie.<\/div>\n<div><\/div>\n<div><img decoding=\"async\" loading=\"lazy\" class=\" size-full wp-image-16 aligncenter\" src=\"http:\/\/budowagitary.pl\/wp-content\/uploads\/2014\/12\/maszyna_szlifierska.jpg\" alt=\"maszyna_szlifierska\" width=\"250\" height=\"187\" \/><\/p>\n<div><img decoding=\"async\" loading=\"lazy\" class=\" size-full wp-image-21 alignright\" src=\"http:\/\/budowagitary.pl\/wp-content\/uploads\/2014\/12\/szkifierka_rotacyjna.jpg\" alt=\"szkifierka_rotacyjna\" width=\"250\" height=\"187\" \/><\/div>\n<div>Dobr\u0105 inwestycj\u0105 jest ta\u015bmowa szlifierka sto\u0142owa. Dzi\u0119ki niej obr\u00f3bka zgrubna zarysu gryfu i szyjki z g\u0142\u00f3wk\u0105 b\u0119dzie sz\u0142a jak z p\u0142atka.<\/div>\n<div>Inwestycja jest dobra z jednego powodu, jak wykonasz pierwszy instrument, na 99% b\u0119dziesz robi\u0142 drugi, trzeci&#8230; z\u0142apanie bakcyla jest niebezpieczne ale baaardzo przyjemne. Koszt takiej maszyny to ok 450 z\u0142.<\/div>\n<div>Oczywi\u015bcie ca\u0142\u0105 prac\u0119 po\u017cemy wykona\u0107 heblem, d\u0142utami, pilnikami i p\u0142\u00f3tnem \u015bciernym, wymaga to wi\u0119kszej pracy ale r\u00f3wnie\u017c daje ogromn\u0105 satysfakcj\u0119.<\/div>\n<div><\/div>\n<div><img decoding=\"async\" loading=\"lazy\" class=\" size-full wp-image-15 alignleft\" src=\"http:\/\/budowagitary.pl\/wp-content\/uploads\/2014\/12\/lutownica.jpg\" alt=\"lutownica\" width=\"250\" height=\"187\" \/>Dobra lutownica b\u0119dzie potrzebna przy wykonywaniu po\u0142\u0105cze\u0144 elektrycznych.<\/div>\n<div><\/div>\n<div>\n<div><\/div>\n<div><\/div>\n<div><\/div>\n<div><\/div>\n<div><\/div>\n<div><\/div>\n<div>Do wykonania niewielkich element\u00f3w zdobniczych g\u0142\u00f3wki lub podstrunnicy, dobrze jest mie\u0107 na wyposa\u017ceniu ma\u0142\u0105 frezarko wiertark\u0119 typu Dremel. Dokupi\u0107 lub dor<img decoding=\"async\" loading=\"lazy\" class=\"  wp-image-9 alignright\" src=\"http:\/\/budowagitary.pl\/wp-content\/uploads\/2014\/12\/frezarka_podstawa.jpg\" alt=\"frezarka_podstawa\" width=\"166\" height=\"124\" \/>obi\u0107 nale\u017cy statyw, dzi\u0119ki kt\u00f3remu mo\u017cna wykona\u0107 precyzyjne prace.<\/div>\n<div><\/div>\n<div><\/div>\n<h3 style=\"text-align: center;\"><span style=\"color: #008000;\"><strong>KLEJE<\/strong><\/span><\/h3>\n<p><img decoding=\"async\" loading=\"lazy\" class=\"  wp-image-12 alignleft\" src=\"http:\/\/budowagitary.pl\/wp-content\/uploads\/2014\/12\/klej_titebond.jpg\" alt=\"klej_titebond\" width=\"137\" height=\"183\" \/><img decoding=\"async\" loading=\"lazy\" class=\"  wp-image-11 alignleft\" src=\"http:\/\/budowagitary.pl\/wp-content\/uploads\/2014\/12\/klej_amfix_d3.jpg\" alt=\"klej_amfix_d3\" width=\"133\" height=\"178\" \/><img decoding=\"async\" loading=\"lazy\" class=\"  wp-image-13 alignleft\" src=\"http:\/\/budowagitary.pl\/wp-content\/uploads\/2014\/12\/klej_weldon-225x300.jpg\" alt=\"klej_weldon\" width=\"137\" height=\"183\" srcset=\"https:\/\/budowagitary.pl\/wp-content\/uploads\/2014\/12\/klej_weldon-225x300.jpg 225w, https:\/\/budowagitary.pl\/wp-content\/uploads\/2014\/12\/klej_weldon.jpg 250w\" sizes=\"(max-width: 137px) 100vw, 137px\" \/><\/p>\n<div><\/div>\n<div><\/div>\n<div><\/div>\n<div><\/div>\n<div><\/div>\n<div><\/div>\n<div><\/div>\n<div><\/div>\n<div>Kleje do drewna dost\u0119pne w <a title=\"instrumenty, cz\u0119\u015bci i akcesoria\" href=\"http:\/\/www.guitarproject.pl\" target=\"_blank\">www.guitarproject.pl<\/a><\/div>\n<div>lub w sklepie w Warszawie na ul. \u017bwirki i Wigury 12<\/div>\n<div>\n<div>Klej do bindingu, bezbarwny, dobre wi\u0105zanie drewna z pcv. Sprawdzone rozwi\u0105zanie &#8211; klej bezbarwny w tubie do plexi PMa, klej do PCV si\u0119 nie nadaje.<\/div>\n<\/div>\n<\/div>\n<\/div>\n<\/div>\n<\/div>\n<\/div>\n<\/div>\n<\/div>\n<p><script>\/\/ <![CDATA[\n  (function(i,s,o,g,r,a,m){i['GoogleAnalyticsObject']=r;i[r]=i[r]||function(){\n  (i[r].q=i[r].q||[]).push(arguments)},i[r].l=1*new Date();a=s.createElement(o),\n  m=s.getElementsByTagName(o)[0];a.async=1;a.src=g;m.parentNode.insertBefore(a,m)\n  })(window,document,'script','\/\/www.google-analytics.com\/analytics.js','ga');\n\n  ga('create', 'UA-65102723-1', 'auto');\n  ga('send', 'pageview');\n\n\/\/ ]]><\/script><\/p>\n","protected":false},"excerpt":{"rendered":"<div class=\"mh-excerpt\"><p>W jakie narz\u0119dzia, przyrz\u0105dy i pomoce trzeba si\u0119 zaopatrzy\u0107, aby praca przy tworzeniu instrumentu by\u0142a \u0142atwa i przyjemna. Wa\u017cnym elementem wyposa\u017cenia naszego warsztatu s\u0105 oczywi\u015bcie <a class=\"mh-excerpt-more\" href=\"https:\/\/budowagitary.pl\/?page_id=67\" title=\"Narz\u0119dzia\/tools\">[&#8230;]<\/a><\/p>\n<\/div>","protected":false},"author":2,"featured_media":0,"parent":0,"menu_order":0,"comment_status":"closed","ping_status":"open","template":"","meta":{"om_disable_all_campaigns":false,"_monsterinsights_skip_tracking":false,"_monsterinsights_sitenote_active":false,"_monsterinsights_sitenote_note":"","_monsterinsights_sitenote_category":0,"footnotes":""},"aioseo_notices":[],"_links":{"self":[{"href":"https:\/\/budowagitary.pl\/index.php?rest_route=\/wp\/v2\/pages\/67"}],"collection":[{"href":"https:\/\/budowagitary.pl\/index.php?rest_route=\/wp\/v2\/pages"}],"about":[{"href":"https:\/\/budowagitary.pl\/index.php?rest_route=\/wp\/v2\/types\/page"}],"author":[{"embeddable":true,"href":"https:\/\/budowagitary.pl\/index.php?rest_route=\/wp\/v2\/users\/2"}],"replies":[{"embeddable":true,"href":"https:\/\/budowagitary.pl\/index.php?rest_route=%2Fwp%2Fv2%2Fcomments&post=67"}],"version-history":[{"count":26,"href":"https:\/\/budowagitary.pl\/index.php?rest_route=\/wp\/v2\/pages\/67\/revisions"}],"predecessor-version":[{"id":715,"href":"https:\/\/budowagitary.pl\/index.php?rest_route=\/wp\/v2\/pages\/67\/revisions\/715"}],"wp:attachment":[{"href":"https:\/\/budowagitary.pl\/index.php?rest_route=%2Fwp%2Fv2%2Fmedia&parent=67"}],"curies":[{"name":"wp","href":"https:\/\/api.w.org\/{rel}","templated":true}]}}