{"id":1168,"date":"2017-02-10T00:43:48","date_gmt":"2017-02-09T23:43:48","guid":{"rendered":"http:\/\/budowagitary.pl\/?page_id=1168"},"modified":"2024-03-26T22:04:24","modified_gmt":"2024-03-26T21:04:24","slug":"step-guitar","status":"publish","type":"page","link":"https:\/\/budowagitary.pl\/?page_id=1168","title":{"rendered":"StompBox"},"content":{"rendered":"<p><a href=\"http:\/\/budowagitary.pl\/wp-content\/uploads\/2017\/10\/stompbox-e1595716671341.jpg\" rel=\"lightbox[1168]\"><img decoding=\"async\" loading=\"lazy\" class=\"aligncenter wp-image-1274 size-medium\" src=\"http:\/\/budowagitary.pl\/wp-content\/uploads\/2017\/10\/stompbox-332x300.jpg\" alt=\"\" width=\"332\" height=\"300\" \/><\/a><\/p>\n<p>StompBox <strong>ONE<\/strong> &#8211; elektronika zabudowana w obudowie z drewna li\u015bciastego. Ca\u0142o\u015b\u0107 przymocowana do podstawy, na kt\u00f3rej opieramy nog\u0119. Gniazdo do pod\u0142\u0105czenia gitary i wyj\u015bcie Jack bezpo\u015brednio do pieca. Zasilanie bateria 9V lub zasilacz 9V (+ na zewn\u0105trz jak do efekt\u00f3w gitarowych). Gra przez uderzenie stop\u0105 w obudow\u0119 drewnian\u0105.<\/p>\n<p align=\"JUSTIFY\"><span lang=\"en-US\">StompBox ONE \u2013 an electronic circuit in a hardwood casing. The entire device is fixed to a base that supports the leg. An additional cap on parts of the casing allows to modulate sound parameters. The device\u2019s socket allows to connect the guitar and the Jack-out directly to the guitar amplifier. Stompbox ONE is powered by a 9V battery.<\/span><\/p>\n<p><span lang=\"en-US\">You play by stepping on the wooden casing or the cap. The device is fitted with a potentiometer. The in\/out sockets that allow to connect the instrument\u2019s and the amplifier\u2019s wiring are not dedicated, owing to which any configuration is possible.<\/span><\/p>\n<p><span lang=\"en-US\">One amplifier is enough to connect our Stompbox ONE with an instrument.<\/span><\/p>\n<p lang=\"en-US\">Various sound effects can be obtained from using various types of guitar amplifiers.<\/p>\n<p lang=\"en-US\"><span lang=\"en-US\">We wish you a pleasant user experience.<\/span><\/p>\n<p lang=\"en-US\"><a href=\"http:\/\/budowagitary.pl\/wp-content\/uploads\/2017\/09\/header_stomp_glosniki-e1595719583450.jpg\" rel=\"lightbox[1168]\"><img decoding=\"async\" loading=\"lazy\" class=\"aligncenter size-large wp-image-1266\" src=\"http:\/\/budowagitary.pl\/wp-content\/uploads\/2017\/09\/header_stomp_glosniki-1024x614.jpg\" alt=\"\" width=\"604\" height=\"362\" \/><\/a><\/p>\n<p style=\"text-align: center;\">\u00a0<\/p>\n<p style=\"text-align: center;\">Budowa:<\/p>\n<p><a href=\"http:\/\/budowagitary.pl\/wp-content\/uploads\/2017\/09\/schemat_angielski-e1595719683485.jpg\" rel=\"lightbox[1168]\"><img decoding=\"async\" loading=\"lazy\" class=\"aligncenter size-medium wp-image-1250\" src=\"http:\/\/budowagitary.pl\/wp-content\/uploads\/2017\/09\/schemat_angielski-400x231.jpg\" alt=\"\" width=\"400\" height=\"231\" \/><\/a><\/p>\n<p style=\"text-align: center;\">\u00a0<\/p>\n<p style=\"text-align: center;\">\u00a0<\/p>\n<p style=\"text-align: center;\">Maciek Czemplik testuje StompBox One &#8211; zapraszamy.<\/p>\n<p><iframe loading=\"lazy\" title=\"Stompbox - test urz\u0105dzenia firmy Gooden\" width=\"500\" height=\"281\" src=\"https:\/\/www.youtube.com\/embed\/CJvO7Qh1prg?feature=oembed\" frameborder=\"0\" allow=\"accelerometer; autoplay; clipboard-write; encrypted-media; gyroscope; picture-in-picture; web-share\" referrerpolicy=\"strict-origin-when-cross-origin\" allowfullscreen><\/iframe><\/p>\n<h6 style=\"text-align: center;\">\u00a0<\/h6>\n<h6 style=\"text-align: center;\">\u00a0<\/h6>\n<h5 style=\"text-align: center;\">\u00a0<\/h5>\n\n\n<p><\/p>\n","protected":false},"excerpt":{"rendered":"<div class=\"mh-excerpt\"><p>StompBox ONE &#8211; elektronika zabudowana w obudowie z drewna li\u015bciastego. Ca\u0142o\u015b\u0107 przymocowana do podstawy, na kt\u00f3rej opieramy nog\u0119. Gniazdo do pod\u0142\u0105czenia gitary i wyj\u015bcie Jack <a class=\"mh-excerpt-more\" href=\"https:\/\/budowagitary.pl\/?page_id=1168\" title=\"StompBox\">[&#8230;]<\/a><\/p>\n<\/div>","protected":false},"author":2,"featured_media":0,"parent":0,"menu_order":0,"comment_status":"closed","ping_status":"closed","template":"","meta":{"om_disable_all_campaigns":false,"_monsterinsights_skip_tracking":false,"_monsterinsights_sitenote_active":false,"_monsterinsights_sitenote_note":"","_monsterinsights_sitenote_category":0,"footnotes":""},"aioseo_notices":[],"_links":{"self":[{"href":"https:\/\/budowagitary.pl\/index.php?rest_route=\/wp\/v2\/pages\/1168"}],"collection":[{"href":"https:\/\/budowagitary.pl\/index.php?rest_route=\/wp\/v2\/pages"}],"about":[{"href":"https:\/\/budowagitary.pl\/index.php?rest_route=\/wp\/v2\/types\/page"}],"author":[{"embeddable":true,"href":"https:\/\/budowagitary.pl\/index.php?rest_route=\/wp\/v2\/users\/2"}],"replies":[{"embeddable":true,"href":"https:\/\/budowagitary.pl\/index.php?rest_route=%2Fwp%2Fv2%2Fcomments&post=1168"}],"version-history":[{"count":76,"href":"https:\/\/budowagitary.pl\/index.php?rest_route=\/wp\/v2\/pages\/1168\/revisions"}],"predecessor-version":[{"id":1579,"href":"https:\/\/budowagitary.pl\/index.php?rest_route=\/wp\/v2\/pages\/1168\/revisions\/1579"}],"wp:attachment":[{"href":"https:\/\/budowagitary.pl\/index.php?rest_route=%2Fwp%2Fv2%2Fmedia&parent=1168"}],"curies":[{"name":"wp","href":"https:\/\/api.w.org\/{rel}","templated":true}]}}