{"id":1133,"date":"2016-12-12T16:47:51","date_gmt":"2016-12-12T15:47:51","guid":{"rendered":"http:\/\/budowagitary.pl\/?page_id=1133"},"modified":"2024-03-26T21:55:32","modified_gmt":"2024-03-26T20:55:32","slug":"akcesoria-do-gitary","status":"publish","type":"page","link":"https:\/\/budowagitary.pl\/?page_id=1133","title":{"rendered":"Akcesoria"},"content":{"rendered":"<p><span class=\"text_exposed_show\">\u00a0<\/span><\/p>\n<p><a href=\"https:\/\/www.facebook.com\/Paskidogitarhandmade\/\" target=\"_blank\" rel=\"noopener noreferrer\"><img decoding=\"async\" loading=\"lazy\" class=\"wp-image-1137 alignleft\" src=\"http:\/\/budowagitary.pl\/wp-content\/uploads\/2016\/12\/pasy_baner-400x103.jpg\" alt=\"pasy_baner\" width=\"352\" height=\"91\" srcset=\"https:\/\/budowagitary.pl\/wp-content\/uploads\/2016\/12\/pasy_baner-400x103.jpg 400w, https:\/\/budowagitary.pl\/wp-content\/uploads\/2016\/12\/pasy_baner-768x198.jpg 768w, https:\/\/budowagitary.pl\/wp-content\/uploads\/2016\/12\/pasy_baner.jpg 777w\" sizes=\"(max-width: 352px) 100vw, 352px\" \/><\/a><\/p>\n<p style=\"text-align: right;\">Paski zrobione s\u0105 tylko i wy\u0142\u0105cznie ze sk\u00f3r naturalnych, ka\u017cdy etap wykonany r\u0119cznie, co daje mo\u017cliwo\u015b\u0107 zmiany ka\u017cdego parametru wzoru np. d\u0142ugo\u015b\u0107 paska, kolor sk\u00f3ry czy kolor nici. D\u0142ugo\u015b\u0107 pask\u00f3w jest zawsze ustalana z klientem, szeroko\u015b\u0107 r\u00f3wnie\u017c, zazwyczaj jest to 7-9 cm. Dodatkowo posiadaj\u0105 piank\u0119, k<span class=\"text_exposed_show\">t\u00f3ra<br \/>\ndaje du\u017cy komfort podczas d\u0142ugiego u\u017cytkowania nawet ci\u0119\u017ckich gitar. Spodnia cz\u0119\u015b\u0107 pask\u00f3w, r\u00f3wnie\u017c z naturalnej sk\u00f3ry, posiada nier\u00f3wnomiern\u0105 powierzchni\u0119, co zapobiega przemieszczaniu si\u0119 paska podczas grania. Dodatkow\u0105 opcj\u0105 b\u0119dzie r\u00f3wnie\u017c mo\u017cliwo\u015b\u0107 laserowego grawerowania, np. nazwy zespo\u0142u. Pe\u0142ne informacje ju\u017c wkr\u00f3tce razem ze zdj\u0119ciami w\u0142a\u015bnie takiego paska. Niebawem r\u00f3wnie\u017c projekt paska ozdobionego haftem komputerowym.W ofercie r\u00f3wnie\u017c odnowa u\u017cywanych pask\u00f3w lub szycie ich kopii.<\/span><\/p>\n<p style=\"text-align: right;\"><a href=\"https:\/\/www.facebook.com\/Paskidogitarhandmade\/\" target=\"_blank\" rel=\"noopener noreferrer\">Link<\/a><\/p>\n<p style=\"text-align: right;\"><a href=\"http:\/\/budowagitary.pl\/wp-content\/uploads\/2016\/12\/pasy2-e1481559614803.jpg\" rel=\"lightbox[1133]\"><img decoding=\"async\" loading=\"lazy\" class=\"aligncenter size-medium wp-image-1143\" src=\"http:\/\/budowagitary.pl\/wp-content\/uploads\/2016\/12\/pasy2-400x267.jpg\" alt=\"pasy2\" width=\"400\" height=\"267\" \/><\/a> <a href=\"http:\/\/budowagitary.pl\/wp-content\/uploads\/2016\/12\/pasy1-e1481559626400.jpg\" rel=\"lightbox[1133]\"><img decoding=\"async\" loading=\"lazy\" class=\"aligncenter size-medium wp-image-1142\" src=\"http:\/\/budowagitary.pl\/wp-content\/uploads\/2016\/12\/pasy1-400x267.jpg\" alt=\"pasy1\" width=\"400\" height=\"267\" \/><\/a> <a href=\"http:\/\/budowagitary.pl\/wp-content\/uploads\/2016\/12\/pasy-e1481559639431.jpg\" rel=\"lightbox[1133]\"><img decoding=\"async\" loading=\"lazy\" class=\"aligncenter size-medium wp-image-1141\" src=\"http:\/\/budowagitary.pl\/wp-content\/uploads\/2016\/12\/pasy-400x267.jpg\" alt=\"pasy\" width=\"400\" height=\"267\" \/><\/a><\/p>\n\n","protected":false},"excerpt":{"rendered":"<div class=\"mh-excerpt\"><p>\u00a0 Paski zrobione s\u0105 tylko i wy\u0142\u0105cznie ze sk\u00f3r naturalnych, ka\u017cdy etap wykonany r\u0119cznie, co daje mo\u017cliwo\u015b\u0107 zmiany ka\u017cdego parametru wzoru np. d\u0142ugo\u015b\u0107 paska, kolor <a class=\"mh-excerpt-more\" href=\"https:\/\/budowagitary.pl\/?page_id=1133\" title=\"Akcesoria\">[&#8230;]<\/a><\/p>\n<\/div>","protected":false},"author":2,"featured_media":0,"parent":0,"menu_order":0,"comment_status":"closed","ping_status":"closed","template":"","meta":{"om_disable_all_campaigns":false,"_monsterinsights_skip_tracking":false,"_monsterinsights_sitenote_active":false,"_monsterinsights_sitenote_note":"","_monsterinsights_sitenote_category":0,"footnotes":""},"aioseo_notices":[],"_links":{"self":[{"href":"https:\/\/budowagitary.pl\/index.php?rest_route=\/wp\/v2\/pages\/1133"}],"collection":[{"href":"https:\/\/budowagitary.pl\/index.php?rest_route=\/wp\/v2\/pages"}],"about":[{"href":"https:\/\/budowagitary.pl\/index.php?rest_route=\/wp\/v2\/types\/page"}],"author":[{"embeddable":true,"href":"https:\/\/budowagitary.pl\/index.php?rest_route=\/wp\/v2\/users\/2"}],"replies":[{"embeddable":true,"href":"https:\/\/budowagitary.pl\/index.php?rest_route=%2Fwp%2Fv2%2Fcomments&post=1133"}],"version-history":[{"count":13,"href":"https:\/\/budowagitary.pl\/index.php?rest_route=\/wp\/v2\/pages\/1133\/revisions"}],"predecessor-version":[{"id":1574,"href":"https:\/\/budowagitary.pl\/index.php?rest_route=\/wp\/v2\/pages\/1133\/revisions\/1574"}],"wp:attachment":[{"href":"https:\/\/budowagitary.pl\/index.php?rest_route=%2Fwp%2Fv2%2Fmedia&parent=1133"}],"curies":[{"name":"wp","href":"https:\/\/api.w.org\/{rel}","templated":true}]}}