{"id":101,"date":"2014-12-24T00:06:56","date_gmt":"2014-12-24T00:06:56","guid":{"rendered":"http:\/\/budowagitary.pl\/?page_id=101"},"modified":"2020-07-25T23:22:23","modified_gmt":"2020-07-25T22:22:23","slug":"barwienie-i-lakierowanie","status":"publish","type":"page","link":"https:\/\/budowagitary.pl\/?page_id=101","title":{"rendered":"Barwienie i lakierowanie\/painting"},"content":{"rendered":"<p>Autor:&nbsp; <span class=\"article_fulltext\"><em>Krzysztof Roszko<\/em><\/span> &#8211; magazyngitarzysta.pl<\/p>\n<p><span class=\"article_fulltext\">&#8222;Gdy chcemy uzyska\u0107 jak najlepszy wygl\u0105d instrumentu, to najwa\u017cniejsz\u0105 spraw\u0105 jest przygotowanie drewna pod <strong>lakier<\/strong>. Dotyczy to precyzyjnego oszlifowania papierami \u015bciernymi o rosn\u0105cej gradacji w taki spos\u00f3b, aby na materiale nie pozosta\u0142y rysy. Rysy na go\u0142ym drewnie s\u0105 s\u0142abo widoczne, ale pod <strong>lakierem<\/strong>&#8230;&#8221;<\/span><\/p>\n<p style=\"text-align: center;\">&#8230;wi\u0119cej pod linkiem:<\/p>\n<p><a href=\"http:\/\/www.magazyngitarzysta.pl\/sprzet\/porady\/3561-jak-odrestaurowa-gitar.html\" target=\"_blank\" rel=\"noopener noreferrer\">http:\/\/www.magazyngitarzysta.pl\/sprzet\/porady\/3561-jak-odrestaurowa-gitar.html<\/a><\/p>\n<p style=\"text-align: center;\">&nbsp;&#8230; a mo\u017ce aerografem?<\/p>\n<p style=\"text-align: center;\"><a href=\"http:\/\/www.aerograf.pl\/\" target=\"_blank\" rel=\"noopener noreferrer\">http:\/\/www.aerograf.pl\/<\/a><\/p>\n<p><a href=\"http:\/\/www.aerograf.pl\/\" target=\"_blank\" rel=\"noopener noreferrer\"><img decoding=\"async\" loading=\"lazy\" class=\" wp-image-517 aligncenter\" src=\"http:\/\/budowagitary.pl\/wp-content\/uploads\/2015\/06\/aerograf-722x1024.jpg\" alt=\"aerograf\" width=\"364\" height=\"516\" srcset=\"https:\/\/budowagitary.pl\/wp-content\/uploads\/2015\/06\/aerograf-722x1024.jpg 722w, https:\/\/budowagitary.pl\/wp-content\/uploads\/2015\/06\/aerograf-211x300.jpg 211w, https:\/\/budowagitary.pl\/wp-content\/uploads\/2015\/06\/aerograf.jpg 900w\" sizes=\"(max-width: 364px) 100vw, 364px\" \/><\/a><\/p>\n\n\n<p><\/p>\n","protected":false},"excerpt":{"rendered":"<div class=\"mh-excerpt\"><p>Autor:&nbsp; Krzysztof Roszko &#8211; magazyngitarzysta.pl &#8222;Gdy chcemy uzyska\u0107 jak najlepszy wygl\u0105d instrumentu, to najwa\u017cniejsz\u0105 spraw\u0105 jest przygotowanie drewna pod lakier. Dotyczy to precyzyjnego oszlifowania papierami <a class=\"mh-excerpt-more\" href=\"https:\/\/budowagitary.pl\/?page_id=101\" title=\"Barwienie i lakierowanie\/painting\">[&#8230;]<\/a><\/p>\n<\/div>","protected":false},"author":2,"featured_media":0,"parent":0,"menu_order":0,"comment_status":"closed","ping_status":"open","template":"","meta":{"om_disable_all_campaigns":false,"_monsterinsights_skip_tracking":false,"_monsterinsights_sitenote_active":false,"_monsterinsights_sitenote_note":"","_monsterinsights_sitenote_category":0,"footnotes":""},"aioseo_notices":[],"_links":{"self":[{"href":"https:\/\/budowagitary.pl\/index.php?rest_route=\/wp\/v2\/pages\/101"}],"collection":[{"href":"https:\/\/budowagitary.pl\/index.php?rest_route=\/wp\/v2\/pages"}],"about":[{"href":"https:\/\/budowagitary.pl\/index.php?rest_route=\/wp\/v2\/types\/page"}],"author":[{"embeddable":true,"href":"https:\/\/budowagitary.pl\/index.php?rest_route=\/wp\/v2\/users\/2"}],"replies":[{"embeddable":true,"href":"https:\/\/budowagitary.pl\/index.php?rest_route=%2Fwp%2Fv2%2Fcomments&post=101"}],"version-history":[{"count":22,"href":"https:\/\/budowagitary.pl\/index.php?rest_route=\/wp\/v2\/pages\/101\/revisions"}],"predecessor-version":[{"id":1357,"href":"https:\/\/budowagitary.pl\/index.php?rest_route=\/wp\/v2\/pages\/101\/revisions\/1357"}],"wp:attachment":[{"href":"https:\/\/budowagitary.pl\/index.php?rest_route=%2Fwp%2Fv2%2Fmedia&parent=101"}],"curies":[{"name":"wp","href":"https:\/\/api.w.org\/{rel}","templated":true}]}}