{"id":95,"date":"2014-12-24T00:04:29","date_gmt":"2014-12-24T00:04:29","guid":{"rendered":"http:\/\/budowagitary.pl\/?page_id=95"},"modified":"2021-02-11T01:40:01","modified_gmt":"2021-02-11T00:40:01","slug":"plany","status":"publish","type":"page","link":"http:\/\/budowagitary.pl\/?page_id=95","title":{"rendered":"Plany\/Linki\/plans\/links"},"content":{"rendered":"<p>W tym dziale udost\u0119pniamy plany instrument\u00f3w w skali 1:1 oraz schematy po\u0142\u0105cze\u0144 elektrycznych. Pliki do pobrania w formacie pdf.<\/p>\n<p>Wszystkie rysunki zosta\u0142y wykonane na potrzeby strony, nie s\u0105 przeznaczone do u\u017cytku komercyjnego i odsprzeda\u017cy.<\/p>\n<p><a href=\"http:\/\/budowagitary.pl\/wp-content\/uploads\/2014\/12\/LP1.pdf\" target=\"_blank\" rel=\"noopener noreferrer\">LP1<\/a><\/p>\n<p><a href=\"http:\/\/budowagitary.pl\/wp-content\/uploads\/2014\/12\/LP2.pdf\" target=\"_blank\" rel=\"noopener noreferrer\">LP2<\/a><\/p>\n<p><a href=\"http:\/\/budowagitary.pl\/wp-content\/uploads\/2015\/01\/strat_elektr.pdf\" target=\"_blank\" rel=\"noopener noreferrer\">strat_elektr<\/a><\/p>\n<p><a href=\"http:\/\/budowagitary.pl\/wp-content\/uploads\/2015\/01\/LP_elektryka_typ1.pdf\" target=\"_blank\" rel=\"noopener noreferrer\">LP_elektryka_typ1<\/a><\/p>\n<p><a href=\"http:\/\/budowagitary.pl\/wp-content\/uploads\/2015\/01\/LP_elektryka_typ2.pdf\" target=\"_blank\" rel=\"noopener noreferrer\">LP_elektryka_typ2<\/a><\/p>\n<p><a href=\"http:\/\/budowagitary.pl\/wp-content\/uploads\/2016\/01\/menzura_liczby_LP.pdf\" target=\"_blank\" rel=\"noopener noreferrer\">menzura_liczby_LP<\/a><\/p>\n<p><a href=\"http:\/\/budowagitary.pl\/wp-content\/uploads\/2015\/01\/es335_1.pdf\" target=\"_blank\" rel=\"noopener noreferrer\">es335_1<\/a><\/p>\n<p><a href=\"http:\/\/budowagitary.pl\/wp-content\/uploads\/2015\/01\/es335_2.pdf\" target=\"_blank\" rel=\"noopener noreferrer\">es335_2<\/a><\/p>\n<p><a href=\"http:\/\/budowagitary.pl\/wp-content\/uploads\/2015\/01\/es335_3.pdf\" target=\"_blank\" rel=\"noopener noreferrer\">es335_3<\/a><\/p>\n<p><a href=\"http:\/\/budowagitary.pl\/wp-content\/uploads\/2015\/01\/es335_4.pdf\" target=\"_blank\" rel=\"noopener noreferrer\">es335_4<\/a><\/p>\n<p><a href=\"http:\/\/budowagitary.pl\/wp-content\/uploads\/2015\/01\/body_strat_przod.pdf\" target=\"_blank\" rel=\"noopener noreferrer\">body_strat_przod<\/a><\/p>\n<p><a href=\"http:\/\/budowagitary.pl\/wp-content\/uploads\/2015\/01\/body_strat_tyl.pdf\" target=\"_blank\" rel=\"noopener noreferrer\">body_strat_tyl<\/a><\/p>\n<p><a href=\"http:\/\/budowagitary.pl\/wp-content\/uploads\/2016\/10\/strat_gryf.pdf\">strat_gryf<\/a><\/p>\n<p style=\"text-align: center;\">Linki do stron plany\/schematy:<\/p>\n<p style=\"text-align: center;\"><a href=\"http:\/\/www.dimensioncad.com\/view_category.php?preferred_language=en&amp;category_number=13&amp;subcategory_number=3&amp;diagram_id=20006012\" target=\"_blank\" rel=\"noopener noreferrer\">http:\/\/www.dimensioncad.com<\/a><\/p>\n<p style=\"text-align: center;\"><a href=\"http:\/\/vinceg.net\/GuitarProject\/AppendixC.htm\" target=\"_blank\" rel=\"noopener noreferrer\">http:\/\/vinceg.net\/GuitarProject\/AppendixC.htm<\/a><\/p>\n<p style=\"text-align: center;\"><a href=\"http:\/\/www.guitarbuilding.org\/current-guitar-models-design-files\/\" target=\"_blank\" rel=\"noopener noreferrer\">http:\/\/www.guitarbuilding.org\/current-guitar-models-design-files\/<\/a><\/p>\n<p style=\"text-align: center;\"><a href=\"http:\/\/www.seymourduncan.com\/support\/wiring-diagrams\/\" target=\"_blank\" rel=\"noopener noreferrer\">http:\/\/www.seymourduncan.com\/support\/wiring-diagrams\/<\/a><\/p>\n<p style=\"text-align: center;\"><a href=\"https:\/\/sites.google.com\/site\/guitarplanscollection\/pdf-files\/fender-ish\" target=\"_blank\" rel=\"noopener noreferrer\">https:\/\/sites.google.com\/site\/guitarplanscollection\/pdf-files\/fender-ish<\/a><\/p>\n<p style=\"text-align: center;\">Plan do wykorzystania przy budowie instrumentu:<\/p>\n<p style=\"text-align: center;\">Po klikni\u0119ciu na podgl\u0105d, pobierzesz plik 1:1 w pdf<\/p>\n<p style=\"text-align: center;\"><a href=\"http:\/\/budowagitary.pl\/wp-content\/uploads\/2016\/01\/plan_gitary_wlasny.pdf\" target=\"_blank\" rel=\"noopener noreferrer\"><img decoding=\"async\" loading=\"lazy\" class=\" size-large wp-image-918 aligncenter\" src=\"http:\/\/budowagitary.pl\/wp-content\/uploads\/2016\/01\/plan_gitary_wlasny-724x1024.jpg\" alt=\"plan_gitary_wlasny\" width=\"604\" height=\"854\" srcset=\"http:\/\/budowagitary.pl\/wp-content\/uploads\/2016\/01\/plan_gitary_wlasny-724x1024.jpg 724w, http:\/\/budowagitary.pl\/wp-content\/uploads\/2016\/01\/plan_gitary_wlasny-212x300.jpg 212w\" sizes=\"(max-width: 604px) 100vw, 604px\" \/><\/a><\/p>\n<p style=\"text-align: center;\"><img decoding=\"async\" loading=\"lazy\" class=\"aligncenter wp-image-1081\" src=\"http:\/\/budowagitary.pl\/wp-content\/uploads\/2016\/11\/gooden_logo1-369x300.gif\" alt=\"gooden_logo1\" width=\"80\" height=\"65\" \/><\/p>\n","protected":false},"excerpt":{"rendered":"<div class=\"mh-excerpt\"><p>W tym dziale udost\u0119pniamy plany instrument\u00f3w w skali 1:1 oraz schematy po\u0142\u0105cze\u0144 elektrycznych. Pliki do pobrania w formacie pdf. Wszystkie rysunki zosta\u0142y wykonane na potrzeby <a class=\"mh-excerpt-more\" href=\"http:\/\/budowagitary.pl\/?page_id=95\" title=\"Plany\/Linki\/plans\/links\">[&#8230;]<\/a><\/p>\n<\/div>","protected":false},"author":2,"featured_media":0,"parent":0,"menu_order":0,"comment_status":"closed","ping_status":"open","template":"","meta":{"om_disable_all_campaigns":false,"_monsterinsights_skip_tracking":false,"_monsterinsights_sitenote_active":false,"_monsterinsights_sitenote_note":"","_monsterinsights_sitenote_category":0,"footnotes":""},"aioseo_notices":[],"_links":{"self":[{"href":"http:\/\/budowagitary.pl\/index.php?rest_route=\/wp\/v2\/pages\/95"}],"collection":[{"href":"http:\/\/budowagitary.pl\/index.php?rest_route=\/wp\/v2\/pages"}],"about":[{"href":"http:\/\/budowagitary.pl\/index.php?rest_route=\/wp\/v2\/types\/page"}],"author":[{"embeddable":true,"href":"http:\/\/budowagitary.pl\/index.php?rest_route=\/wp\/v2\/users\/2"}],"replies":[{"embeddable":true,"href":"http:\/\/budowagitary.pl\/index.php?rest_route=%2Fwp%2Fv2%2Fcomments&post=95"}],"version-history":[{"count":44,"href":"http:\/\/budowagitary.pl\/index.php?rest_route=\/wp\/v2\/pages\/95\/revisions"}],"predecessor-version":[{"id":1414,"href":"http:\/\/budowagitary.pl\/index.php?rest_route=\/wp\/v2\/pages\/95\/revisions\/1414"}],"wp:attachment":[{"href":"http:\/\/budowagitary.pl\/index.php?rest_route=%2Fwp%2Fv2%2Fmedia&parent=95"}],"curies":[{"name":"wp","href":"https:\/\/api.w.org\/{rel}","templated":true}]}}