{"id":400,"date":"2015-01-12T00:46:37","date_gmt":"2015-01-12T00:46:37","guid":{"rendered":"http:\/\/budowagitary.pl\/?page_id=400"},"modified":"2024-05-17T17:52:10","modified_gmt":"2024-05-17T16:52:10","slug":"krok-po-kroku","status":"publish","type":"page","link":"http:\/\/budowagitary.pl\/?page_id=400","title":{"rendered":"Krok po kroku\/step by step"},"content":{"rendered":"<p>Opis operacji zwi\u0105zanych z budow\u0105 instrumentu w warunkach <strong>dalekich od profesjonalnego warsztatu<\/strong> z zastosowaniem podstawowych narz\u0119dzi osi\u0105galnych dla ka\u017cdego, kto my\u015bli o rozpocz\u0119ciu pracy nad w\u0142asnym instrumentem.<\/p>\n<p>Artyku\u0142\u00a0 poparty fotografiami, opisem wykonywanej operacji,\u00a0 u\u017cytych materia\u0142ach i wykorzystywanych narz\u0119dziach.<\/p>\n<p>Posiadanie odpowiedniego planu w skali 1:1 lub w mniejszej skali z naniesionymi wymiarami jest pierwszym etapem pracy.<br \/>\nKilka dost\u0119pnych plan\u00f3w mo\u017cna pobra\u0107 w zak\u0142adce PLANY.<br \/>\nProponujemy wykona\u0107 instrument typu Strat, b\u0119dzie to \u0142atwiejszy projekt na przygod\u0119 z lutnictwem &#8222;gitarowym&#8221;.<\/p>\n<p>Korpus gitary jest p\u0142aski, bez odchylonej g\u0142\u00f3wki jak np. w gitarze typu Les Paul. Gryf przykr\u0119cany, z prost\u0105 g\u0142\u00f3wk\u0105 w linii r\u00f3wnoleg\u0142ej do podstrunnicy.<\/p>\n<p>Du\u017co trudniejszym wyzwaniem jest wykonanie instrumentu o kszta\u0142tach Les Paula. Tutaj musimy wykona\u0107 korpus (najlepiej z mahoniu) i dodatkowo profilowany top z klonu. Gniazdo gryfu pod k\u0105tem 4 stopni te\u017c nie jest proste do wykonania przy niedoborze narz\u0119dzi i odpowiednich przyrz\u0105d\u00f3w pomocniczych. Gryf w miejscu \u0142\u0105czenia z korpusem r\u00f3wnie\u017c musi mie\u0107 odpowiednio wyfrezowane powierzchnie przylegaj\u0105ce do przygotowanego gniazda.<br \/>\nG\u0142\u00f3wka gryfu pochylona o 14 stopni w stosunku do podstrunnicy wymaga u\u017cycia grubszego klocka mahoniu.<br \/>\nAle nie zniech\u0119camy, wszystko jest przecie\u017c do zrobienia.<\/p>\n<p><img decoding=\"async\" loading=\"lazy\" class=\"alignleft size-medium wp-image-434\" src=\"http:\/\/budowagitary.pl\/wp-content\/uploads\/2015\/01\/deski_mahon-289x300.jpg\" alt=\"deski_mahon\" width=\"289\" height=\"300\" srcset=\"http:\/\/budowagitary.pl\/wp-content\/uploads\/2015\/01\/deski_mahon-289x300.jpg 289w, http:\/\/budowagitary.pl\/wp-content\/uploads\/2015\/01\/deski_mahon.jpg 500w\" sizes=\"(max-width: 289px) 100vw, 289px\" \/><br \/>\n<strong>1.<\/strong> Przygotowanie materia\u0142u do wykonania korpusu instrumentu typu Strat:<br \/>\n&#8211; potrzebujemy dwie deski o wymiarach 170 mm x 480 mm x 46 mm (olcha, jesion, klon).<br \/>\nPo obrobieniu powierzchni desek z zachowaniem prostopad\u0142o\u015bci wierzchu z miejscem do\u0142o\u017cenia drugiej deski i dok\u0142adnym przygotowaniu miejsc klejenia (po z\u0142o\u017ceniu na sucho element\u00f3w, patrz\u0105c pod \u015bwiat\u0142o, nie powinni\u015bmy widzie\u0107 nawet najmniejszej szczeliny), nak\u0142adamy klej TITEBOND na dwa elementy.<\/p>\n<p>Po z\u0142o\u017ceniu desek, \u015bciskamy je przy pomocy \u015bcisk\u00f3w stolarskich i pozostawiamy do wyschni\u0119cia na 48 h.<br \/>\nZe szczeliny, w trakcie \u015bciskania b\u0119dzie wycieka\u0142 nadmiar kleju \u2013 nale\u017cy go wytrze\u0107 wilgotn\u0105 szmatk\u0105. \u015aci\u015bni\u0119te elementy po\u0142o\u017cy\u0107 do wyschni\u0119cia na stole na wcze\u015bniej przygotowanych w\u0105skich listewkach. Uwaga na tendencje do wybrzuszenia si\u0119 desek w miejscu klejenia. Pomo\u017ce tutaj obci\u0105\u017cenie desek le\u017c\u0105cych na stole lub kontrolowane \u015bci\u015bni\u0119cie \u015bciskami po obu stronach poprzez w\u0105skie listewki, kt\u00f3re b\u0119dzie mo\u017cna po wyschni\u0119ciu kleju oderwa\u0107 od powierzchni szybkim uderzeniem m\u0142otka.<\/p>\n<p><img decoding=\"async\" loading=\"lazy\" class=\" size-medium wp-image-494 aligncenter\" src=\"http:\/\/budowagitary.pl\/wp-content\/uploads\/2015\/01\/przerywnik-400x104.gif\" alt=\"przerywnik\" width=\"400\" height=\"104\" \/><\/p>\n<p><strong>2.<\/strong> Po sklejeniu, obrabiamy powierzchnie przy pomocy frezarki z zastosowaniem prostego stolika z suwnicami, kt\u00f3ry mo\u017cemy zbudowa\u0107 we w\u0142asnym zakresie.<\/p>\n<p><a href=\"http:\/\/budowagitary.pl\/wp-content\/uploads\/2015\/01\/stolik_frezerski.jpg\" target=\"_blank\"  rel=\"lightbox[400] noopener noreferrer\"><img decoding=\"async\" loading=\"lazy\" class=\" wp-image-445 aligncenter\" src=\"http:\/\/budowagitary.pl\/wp-content\/uploads\/2015\/01\/stolik_frezerski-390x300.jpg\" alt=\"stolik_frezerski\" width=\"289\" height=\"222\" srcset=\"http:\/\/budowagitary.pl\/wp-content\/uploads\/2015\/01\/stolik_frezerski-390x300.jpg 390w, http:\/\/budowagitary.pl\/wp-content\/uploads\/2015\/01\/stolik_frezerski.jpg 800w\" sizes=\"(max-width: 289px) 100vw, 289px\" \/><\/a><\/p>\n<p>Drugie rozwi\u0105zanie, to skorzystanie z uprzejmo\u015bci zak\u0142adu stolarskiego, w kt\u00f3rym za niewielk\u0105 op\u0142at\u0105 stolarz wyprowadzi nam powierzchnie na strugarce mechanicznej z zachowaniem odpowiedniej grubo\u015bci desek do dalszej obr\u00f3bki p\u0142\u00f3tnem \u015bciernym.<br \/>\nJe\u017celi deski mia\u0142y wymiar prawie docelowy, powierzchnie wyprowadzamy stosuj\u0105c p\u0142\u00f3tno \u015bcierne przyklejone ta\u015bm\u0105 dwustronn\u0105 do kawa\u0142ka p\u0142yty meblowej (mog\u0105 by\u0107 stare drzwi od szafy).<\/p>\n<p><img decoding=\"async\" loading=\"lazy\" class=\" size-medium wp-image-494 aligncenter\" src=\"http:\/\/budowagitary.pl\/wp-content\/uploads\/2015\/01\/przerywnik-400x104.gif\" alt=\"przerywnik\" width=\"400\" height=\"104\" \/><\/p>\n<p><strong>3.<\/strong> Po przygotowaniu materia\u0142u wyj\u015bciowego przenosimy zarys korpusu gitary na drewno. Mo\u017cemy przekalkowa\u0107 zarys z posiadanego planu 1:1 za pomoc\u0105 kalki maszynowej lub wyci\u0105\u0107 papierowy szablon i obrysowa\u0107 obw\u00f3d. Nale\u017cy pami\u0119ta\u0107 o linii bazowej &#8211; osi instrumentu. O\u015b korpusu na drewnie wyznaczona jest przez miejsce klejen<img decoding=\"async\" loading=\"lazy\" class=\"alignleft wp-image-490 \" src=\"http:\/\/budowagitary.pl\/wp-content\/uploads\/2015\/01\/sklejone_deski1-318x300.gif\" alt=\"sklejone_deski1\" width=\"183\" height=\"173\" \/>ia dw\u00f3ch desek lub \u015brodek deski w przypadku wykonywania body z trzech element\u00f3w. Na szablonie jest to linia biegn\u0105ca poziomo przez ca\u0142y rysunek. W dalszych pracach miejsce wyznaczenia osi b\u0119dzie si\u0119 odnosi\u0142o do wszystkich nanoszonych wymiar\u00f3w i rozmieszczenia element\u00f3w instrumentu.<\/p>\n<p><img decoding=\"async\" loading=\"lazy\" class=\" wp-image-491 aligncenter\" src=\"http:\/\/budowagitary.pl\/wp-content\/uploads\/2015\/01\/sklejone_deski_szablon.gif\" alt=\"sklejone_deski_szablon\" width=\"479\" height=\"408\" \/><\/p>\n<p><img decoding=\"async\" loading=\"lazy\" class=\" size-medium wp-image-494 aligncenter\" src=\"http:\/\/budowagitary.pl\/wp-content\/uploads\/2015\/01\/przerywnik-400x104.gif\" alt=\"przerywnik\" width=\"400\" height=\"104\" \/><\/p>\n<p><strong>\u00a04.<\/strong> Po umieszczeniu zarysu na drewnie, wycinamy korpus po obrysie z ok. 2 mm naddatkiem przy pomocy wyrzynarki ( UWAGA NA PALUCHY ). Po wyci\u0119ciu, szlifujemy zarys do kreski wykonanej na drewnie. Najlepszym sposobem jest zainstalowanie wiertarki w stojaku, opuszczenie rozpr\u0119\u017cnego wa\u0142ka \u015bciernego poni\u017cej kraw\u0119dzi otworu wykonanego w p\u0142ycie przymocowanej do podstawy stojaka wiertarskiego. Takie po\u0142o\u017cenie pozwoli nam na zachowanie k\u0105t\u00f3w prostych mi\u0119dzy p\u0142aszczyznami korpusu a obrabianym bokiem.<\/p>\n<p><img decoding=\"async\" loading=\"lazy\" class=\" size-medium wp-image-495 aligncenter\" src=\"http:\/\/budowagitary.pl\/wp-content\/uploads\/2015\/01\/sklejone_deski_odrysowane-400x260.gif\" alt=\"sklejone_deski_odrysowane\" width=\"400\" height=\"260\" \/><\/p>\n<p><strong>5. <\/strong>Po wyprowadzeniu kszta\u0142tu korpusu, przyk\u0142adamy szablon z naniesionymi otworami na przetworniki, potencjometry i pozosta\u0142\u0105 elektryk\u0119 oraz otw\u00f3r pod mostkiem. Szablon pozycjonujemy do linii bazowej korpusu.<\/p>\n<p><img decoding=\"async\" loading=\"lazy\" class=\"alignleft wp-image-498\" src=\"http:\/\/budowagitary.pl\/wp-content\/uploads\/2015\/01\/body_strat_otwory_pickup-400x264.gif\" alt=\"body_strat_otwory_pickup\" width=\"250\" height=\"165\" \/><\/p>\n<p>Po przeniesieniu zarysu otwor\u00f3w na drewno wiercimy otwory frezem puszkowym na g\u0142\u0119boko\u015b\u0107 18 mm. Pozosta\u0142y materia\u0142 wybieramy przy pomocy frezarki. Podczas frezowania mo\u017cemy skorzysta\u0107 z szablonu u\u017cywaj\u0105c frez z \u0142o\u017cyskiem prowadz\u0105cym lub frezujemy &#8221; do kreski&#8221;.<\/p>\n<p><img decoding=\"async\" loading=\"lazy\" class=\" wp-image-499 alignright\" src=\"http:\/\/budowagitary.pl\/wp-content\/uploads\/2015\/01\/body_strat_otwory_pickup_narzedzia-347x300.gif\" alt=\"body_strat_otwory_pickup_narzedzia\" width=\"339\" height=\"293\" \/>Frezowanie do kreski jest najprostszym rozwi\u0105zaniem, nie jest tutaj wymagana idealna dok\u0142adno\u015b\u0107 wymiar\u00f3w otwor\u00f3w poniewa\u017c ten fragment b\u0119dzie zas\u0142oni\u0119ty pickguard&#8217; em. Je\u017celi b\u0119dziemy montowali tremolo, z ty\u0142u korpusu wiercimy i frezujemy odpowiedni\u0105 kiesze\u0144 na g\u0142\u0119boko\u015b\u0107 15 mm wg wymiar\u00f3w przeniesionych z drugiego, wcze\u015bniej przygotowanego szablonu, pami\u0119taj\u0105c oczywi\u015bcie o linii bazowej jako odno\u015bnika wymiar\u00f3w.<\/p>\n<p><img decoding=\"async\" loading=\"lazy\" class=\"aligncenter wp-image-501 \" src=\"http:\/\/budowagitary.pl\/wp-content\/uploads\/2015\/01\/body_strat_otwory_po_frezowaniu-400x279.gif\" alt=\"body_strat_otwory_po_frezowaniu\" width=\"234\" height=\"163\" \/><\/p>\n<p>Wszystkie powy\u017csze operacje mo\u017cna wykona\u0107 przy pomocy obrabiarki CNC. Musimy oczywi\u015bcie dysponowa\u0107 plikiem, z kt\u00f3rego skorzystamy zlecaj\u0105c frezowanie oraz zap\u0142aci\u0107 za us\u0142ug\u0119, ale chyba nie o to chodzi. Wiekszo\u015b\u0107 zainteresowanych chce zminimalizowa\u0107 koszty i samodzielnie stworzy\u0107 instrument w warunkach domowych i przy u\u017cyciu r\u0119cznych narz\u0119dzi.<\/p>\n<p><strong>6. <\/strong>Frezowanie miejsca na osadzenie gryfu, ze wzgl\u0119du na dok\u0142adno\u015b\u0107 po\u0142\u0105czenia korpusu z gryfem nale\u017cy wykona\u0107 przy pomocy szablonu. Szablon wycinamy i obrabiamy bardzo dok\u0142adnie wg wymiar\u00f3w umieszczonych na planach instrumentu. Szablon powinien by\u0107 odpowiedniej wielko\u015bci dla zapewnienia oparcia dla stopy r\u0119cznej frezarki. Wpust frezujemy frezem\u00a0 8 mm z \u0142o\u017cyskiem o tej samej \u015brednicy, umieszczonym przy trzonku.<\/p>\n<p><img decoding=\"async\" loading=\"lazy\" class=\"alignleft wp-image-502\" src=\"http:\/\/budowagitary.pl\/wp-content\/uploads\/2015\/01\/body_wyfrezowane_przyrzad-400x300.gif\" alt=\"body_wyfrezowane_przyrzad\" width=\"366\" height=\"275\" \/><\/p>\n<p>Szablon pozycjonujemy do linii bazowej korpusu i reguluj\u0105c podk\u0142adkami, ustawiamy jego wysoko\u015b\u0107 potrzebn\u0105 do wybrania materia\u0142u na odpowiedni\u0105 g\u0142\u0119boko\u015b\u0107. Ustawienie szablonu jest zale\u017cne od d\u0142ugo\u015bci posiadanego freza.<\/p>\n<p>Rysunek obok przedstawia ustawienie szablonu do frezowania pod k\u0105tem do powierzchni korpusu. Je\u017celi gryf jest przykr\u0119cany r\u00f3wnolegle, szablon nale\u017cy odpowiednio ustawi\u0107 (bez podk\u0142adki pomi\u0119dzy korpusem a szablonem).<\/p>\n<p>Pozosta\u0142e otwory i zag\u0142\u0119bienia w korpusie wykonujemy dzi\u0119ki wcze\u015bniej przygotowanym szablonom, zachowamy dzi\u0119ki nim wykoannie precyzyjne i w\u00a0 odpowiednich miejscach.<\/p>\n<p><strong>7. <\/strong>Po wykonaniu wszystkich prac przy korpusie zwi\u0105zanych z frezowaniem, przenosimy z rysunk\u00f3w na prz\u00f3d i ty\u0142 wybrania &#8222;\u015bci\u0119cia&#8221; powierzchni body.<\/p>\n<p><img decoding=\"async\" loading=\"lazy\" class=\" wp-image-503 alignleft\" src=\"http:\/\/budowagitary.pl\/wp-content\/uploads\/2015\/01\/body_sciecie-374x300.gif\" alt=\"body_sciecie\" width=\"281\" height=\"225\" \/>Nadmiar materia\u0142u zbieramy p\u0142askim d\u0142utem i tarnikiem, wyka\u0144czamy p\u0142\u00f3tnem \u015bciernym zamocowanym na klocku sosnowym. Do wybrania z ty\u0142u, u\u017cywamy tarnik\u00f3w p\u00f3\u0142okr\u0105g\u0142ych i wa\u0142k\u00f3w drewnianych z p\u0142\u00f3tnem \u015bciernym. Mo\u017cna si\u0119 wspomaga\u0107 r\u00f3wnie\u017c mi\u0119kkimi \u015bciernicami talerzowymi z gumy montowanymi w uchwycie wiertarki, szlifierk\u0105 ta\u015bmow\u0105, a na wst\u0119pnym etapie heblem.<\/p>\n<p>Na tym etapie wykonujemy r\u00f3wnie\u017c pozosta\u0142e zaokr\u0105glenia na kraw\u0119dziach korpusu.<\/p>\n<p style=\"text-align: center;\"><img decoding=\"async\" loading=\"lazy\" class=\" size-medium wp-image-494 aligncenter\" src=\"http:\/\/budowagitary.pl\/wp-content\/uploads\/2015\/01\/przerywnik-400x104.gif\" alt=\"przerywnik\" width=\"400\" height=\"104\" \/><\/p>\n<p style=\"text-align: center;\"><strong>Gryf do LP\/Strat<\/strong><\/p>\n<p><a href=\"http:\/\/budowagitary.pl\/wp-content\/uploads\/2024\/05\/fender_gibson_gryf.jpg\" rel=\"lightbox[400]\"><img decoding=\"async\" loading=\"lazy\" class=\"aligncenter size-large wp-image-1581\" src=\"http:\/\/budowagitary.pl\/wp-content\/uploads\/2024\/05\/fender_gibson_gryf-1024x805.jpg\" alt=\"\" width=\"1024\" height=\"805\" srcset=\"http:\/\/budowagitary.pl\/wp-content\/uploads\/2024\/05\/fender_gibson_gryf-1024x805.jpg 1024w, http:\/\/budowagitary.pl\/wp-content\/uploads\/2024\/05\/fender_gibson_gryf-382x300.jpg 382w, http:\/\/budowagitary.pl\/wp-content\/uploads\/2024\/05\/fender_gibson_gryf-768x604.jpg 768w, http:\/\/budowagitary.pl\/wp-content\/uploads\/2024\/05\/fender_gibson_gryf.jpg 1417w\" sizes=\"(max-width: 1024px) 100vw, 1024px\" \/><\/a><\/p>\n<p><a href=\"http:\/\/budowagitary.pl\/wp-content\/uploads\/2018\/07\/gooden1.jpg\" rel=\"lightbox[400]\"><img decoding=\"async\" loading=\"lazy\" class=\"aligncenter wp-image-1311 size-medium\" src=\"http:\/\/budowagitary.pl\/wp-content\/uploads\/2018\/07\/gooden1-400x290.jpg\" alt=\"\" width=\"400\" height=\"290\" \/><\/a><\/p>\n<p><a href=\"http:\/\/budowagitary.pl\/wp-content\/uploads\/2018\/07\/gooden2.jpg\" rel=\"lightbox[400]\"><img decoding=\"async\" loading=\"lazy\" class=\"aligncenter wp-image-1312 size-medium\" src=\"http:\/\/budowagitary.pl\/wp-content\/uploads\/2018\/07\/gooden2-292x300.jpg\" alt=\"\" width=\"292\" height=\"300\" \/><\/a><\/p>\n<p><a href=\"http:\/\/budowagitary.pl\/wp-content\/uploads\/2018\/07\/gooden3.jpg\" rel=\"lightbox[400]\"><img decoding=\"async\" loading=\"lazy\" class=\"aligncenter wp-image-1313 size-medium\" src=\"http:\/\/budowagitary.pl\/wp-content\/uploads\/2018\/07\/gooden3-315x300.jpg\" alt=\"\" width=\"315\" height=\"300\" \/><\/a><\/p>\n<p>Je\u017celi nie mamy dost\u0119pu do pi\u0142y ta\u015bmowej, zalecam wywiercenie prostopad\u0142ych otwor\u00f3w do bocznej p\u0142aszczyzny gryfu ( z naddatkiem na p\u00f3\u017aniejsz\u0105 obr\u00f3bk\u0119) i przeci\u0119cie s\u0105siaduj\u0105cych \u015bcianek wyrzynark\u0105, kt\u00f3ra jest \u0142atwiej dost\u0119pna dla ka\u017cdego.<\/p>\n<p><a href=\"http:\/\/budowagitary.pl\/wp-content\/uploads\/2018\/07\/gooden4.jpg\" rel=\"lightbox[400]\"><img decoding=\"async\" loading=\"lazy\" class=\"aligncenter wp-image-1317 size-medium\" src=\"http:\/\/budowagitary.pl\/wp-content\/uploads\/2018\/07\/gooden4-400x135.jpg\" alt=\"\" width=\"400\" height=\"135\" \/><\/a><\/p>\n<p><a href=\"http:\/\/budowagitary.pl\/wp-content\/uploads\/2018\/07\/gooden5.jpg\" rel=\"lightbox[400]\"><img decoding=\"async\" loading=\"lazy\" class=\"aligncenter wp-image-1315 size-medium\" src=\"http:\/\/budowagitary.pl\/wp-content\/uploads\/2018\/07\/gooden5-363x300.jpg\" alt=\"\" width=\"363\" height=\"300\" \/><\/a><\/p>\n<p>Po uzyskaniu pow. kszta\u0142tu, mamy wyj\u015bciowy materia\u0142 do obr\u00f3bki pilnikiem do drewna, szlifierk\u0105 i p\u0142\u00f3tnem \u015bciernym na koniec. Nie nale\u017cy si\u0119 spieszy\u0107. Wszystkie czynno\u015bci wykonywa\u0107 z du\u017c\u0105 staranno\u015bci\u0105. Szczeg\u00f3ln\u0105 uwag\u0119 nale\u017cy zwr\u00f3ci\u0107 podczas wykonywania stopy gryfu, kt\u00f3ra musi ciasno pasowa\u0107 do gniazda w body gitary.<\/p>\n","protected":false},"excerpt":{"rendered":"<div class=\"mh-excerpt\"><p>Opis operacji zwi\u0105zanych z budow\u0105 instrumentu w warunkach dalekich od profesjonalnego warsztatu z zastosowaniem podstawowych narz\u0119dzi osi\u0105galnych dla ka\u017cdego, kto my\u015bli o rozpocz\u0119ciu pracy nad <a class=\"mh-excerpt-more\" href=\"http:\/\/budowagitary.pl\/?page_id=400\" title=\"Krok po kroku\/step by step\">[&#8230;]<\/a><\/p>\n<\/div>","protected":false},"author":2,"featured_media":0,"parent":0,"menu_order":0,"comment_status":"closed","ping_status":"closed","template":"","meta":{"om_disable_all_campaigns":false,"_monsterinsights_skip_tracking":false,"_monsterinsights_sitenote_active":false,"_monsterinsights_sitenote_note":"","_monsterinsights_sitenote_category":0,"footnotes":""},"aioseo_notices":[],"_links":{"self":[{"href":"http:\/\/budowagitary.pl\/index.php?rest_route=\/wp\/v2\/pages\/400"}],"collection":[{"href":"http:\/\/budowagitary.pl\/index.php?rest_route=\/wp\/v2\/pages"}],"about":[{"href":"http:\/\/budowagitary.pl\/index.php?rest_route=\/wp\/v2\/types\/page"}],"author":[{"embeddable":true,"href":"http:\/\/budowagitary.pl\/index.php?rest_route=\/wp\/v2\/users\/2"}],"replies":[{"embeddable":true,"href":"http:\/\/budowagitary.pl\/index.php?rest_route=%2Fwp%2Fv2%2Fcomments&post=400"}],"version-history":[{"count":14,"href":"http:\/\/budowagitary.pl\/index.php?rest_route=\/wp\/v2\/pages\/400\/revisions"}],"predecessor-version":[{"id":1583,"href":"http:\/\/budowagitary.pl\/index.php?rest_route=\/wp\/v2\/pages\/400\/revisions\/1583"}],"wp:attachment":[{"href":"http:\/\/budowagitary.pl\/index.php?rest_route=%2Fwp%2Fv2%2Fmedia&parent=400"}],"curies":[{"name":"wp","href":"https:\/\/api.w.org\/{rel}","templated":true}]}}